{"id":267,"date":"2020-09-16T00:37:13","date_gmt":"2020-09-15T22:37:13","guid":{"rendered":"http:\/\/eco4it.be\/?page_id=267"},"modified":"2021-08-10T11:22:40","modified_gmt":"2021-08-10T09:22:40","slug":"a-propos-de","status":"publish","type":"page","link":"https:\/\/eco4it.be\/index.php\/a-propos-de\/","title":{"rendered":"A propos de &#8230;"},"content":{"rendered":"\t\t<div data-elementor-type=\"wp-page\" data-elementor-id=\"267\" class=\"elementor elementor-267\">\n\t\t\t\t\t\t\t\t\t<section class=\"elementor-section elementor-top-section elementor-element elementor-element-0af509a elementor-section-height-min-height elementor-section-boxed elementor-section-height-default elementor-section-items-middle\" data-id=\"0af509a\" data-element_type=\"section\">\n\t\t\t\t\t\t<div class=\"elementor-container elementor-column-gap-default\">\n\t\t\t\t\t<div class=\"elementor-column elementor-col-50 elementor-top-column elementor-element elementor-element-bb086d4\" data-id=\"bb086d4\" data-element_type=\"column\">\n\t\t\t<div class=\"elementor-widget-wrap elementor-element-populated\">\n\t\t\t\t\t\t\t\t<div class=\"elementor-element elementor-element-87b4a06 elementor-widget elementor-widget-image\" data-id=\"87b4a06\" data-element_type=\"widget\" data-widget_type=\"image.default\">\n\t\t\t\t<div class=\"elementor-widget-container\">\n\t\t\t\t\t\t\t\t\t\t\t\t<figure class=\"wp-caption\">\n\t\t\t\t\t\t\t\t\t\t<img width=\"300\" height=\"102\" src=\"https:\/\/eco4it.be\/wp-content\/uploads\/2020\/09\/cropped-cropped-LogodansleNom-1-300x102.jpg\" class=\"attachment-medium size-medium wp-image-430\" alt=\"\" loading=\"lazy\" srcset=\"https:\/\/eco4it.be\/wp-content\/uploads\/2020\/09\/cropped-cropped-LogodansleNom-1-300x102.jpg 300w, https:\/\/eco4it.be\/wp-content\/uploads\/2020\/09\/cropped-cropped-LogodansleNom-1.jpg 589w\" sizes=\"(max-width: 300px) 100vw, 300px\" \/>\t\t\t\t\t\t\t\t\t\t\t<figcaption class=\"widget-image-caption wp-caption-text\">Votre Partenaire Informatique bas\u00e9 \u00e0 Ciney<\/figcaption>\n\t\t\t\t\t\t\t\t\t\t<\/figure>\n\t\t\t\t\t\t\t\t\t<\/div>\n\t\t\t\t<\/div>\n\t\t\t\t\t<\/div>\n\t\t<\/div>\n\t\t\t\t<div class=\"elementor-column elementor-col-50 elementor-top-column elementor-element elementor-element-b30c531\" data-id=\"b30c531\" data-element_type=\"column\">\n\t\t\t<div class=\"elementor-widget-wrap elementor-element-populated\">\n\t\t\t\t\t\t\t\t<div class=\"elementor-element elementor-element-e790ffa elementor-nav-menu__align-right elementor-nav-menu--dropdown-tablet elementor-nav-menu__text-align-aside elementor-nav-menu--toggle elementor-nav-menu--burger elementor-widget elementor-widget-nav-menu\" data-id=\"e790ffa\" data-element_type=\"widget\" data-settings=\"{&quot;layout&quot;:&quot;horizontal&quot;,&quot;submenu_icon&quot;:{&quot;value&quot;:&quot;&lt;i class=\\&quot;fas fa-caret-down\\&quot;&gt;&lt;\\\/i&gt;&quot;,&quot;library&quot;:&quot;fa-solid&quot;},&quot;toggle&quot;:&quot;burger&quot;}\" data-widget_type=\"nav-menu.default\">\n\t\t\t\t<div class=\"elementor-widget-container\">\n\t\t\t\t\t\t<nav migration_allowed=\"1\" migrated=\"0\" role=\"navigation\" class=\"elementor-nav-menu--main elementor-nav-menu__container elementor-nav-menu--layout-horizontal e--pointer-underline e--animation-fade\">\n\t\t\t\t<ul id=\"menu-1-e790ffa\" class=\"elementor-nav-menu\"><li class=\"menu-item menu-item-type-post_type menu-item-object-page menu-item-home menu-item-179\"><a href=\"https:\/\/eco4it.be\/\" class=\"elementor-item\">Bienvenue<\/a><\/li>\n<li class=\"menu-item menu-item-type-post_type menu-item-object-page menu-item-201\"><a href=\"https:\/\/eco4it.be\/index.php\/services\/\" class=\"elementor-item\">Services<\/a><\/li>\n<li class=\"menu-item menu-item-type-post_type menu-item-object-page menu-item-204\"><a href=\"https:\/\/eco4it.be\/index.php\/ventes\/\" class=\"elementor-item\">Ventes<\/a><\/li>\n<li class=\"menu-item menu-item-type-post_type menu-item-object-page menu-item-207\"><a href=\"https:\/\/eco4it.be\/index.php\/contact\/\" class=\"elementor-item\">Contact<\/a><\/li>\n<li class=\"menu-item menu-item-type-post_type menu-item-object-page menu-item-269\"><a href=\"https:\/\/eco4it.be\/index.php\/a-propos-de\/\" class=\"elementor-item\">A propos de &#8230;<\/a><\/li>\n<\/ul>\t\t\t<\/nav>\n\t\t\t\t\t<div class=\"elementor-menu-toggle\" role=\"button\" tabindex=\"0\" aria-label=\"Permuter le menu\" aria-expanded=\"false\">\n\t\t\t<i aria-hidden=\"true\" role=\"presentation\" class=\"elementor-menu-toggle__icon--open eicon-menu-bar\"><\/i><i aria-hidden=\"true\" role=\"presentation\" class=\"elementor-menu-toggle__icon--close eicon-close\"><\/i>\t\t\t<span class=\"elementor-screen-only\">Menu<\/span>\n\t\t<\/div>\n\t\t\t<nav class=\"elementor-nav-menu--dropdown elementor-nav-menu__container\" role=\"navigation\" aria-hidden=\"true\">\n\t\t\t\t<ul id=\"menu-2-e790ffa\" class=\"elementor-nav-menu\"><li class=\"menu-item menu-item-type-post_type menu-item-object-page menu-item-home menu-item-179\"><a href=\"https:\/\/eco4it.be\/\" class=\"elementor-item\" tabindex=\"-1\">Bienvenue<\/a><\/li>\n<li class=\"menu-item menu-item-type-post_type menu-item-object-page menu-item-201\"><a href=\"https:\/\/eco4it.be\/index.php\/services\/\" class=\"elementor-item\" tabindex=\"-1\">Services<\/a><\/li>\n<li class=\"menu-item menu-item-type-post_type menu-item-object-page menu-item-204\"><a href=\"https:\/\/eco4it.be\/index.php\/ventes\/\" class=\"elementor-item\" tabindex=\"-1\">Ventes<\/a><\/li>\n<li class=\"menu-item menu-item-type-post_type menu-item-object-page menu-item-207\"><a href=\"https:\/\/eco4it.be\/index.php\/contact\/\" class=\"elementor-item\" tabindex=\"-1\">Contact<\/a><\/li>\n<li class=\"menu-item menu-item-type-post_type menu-item-object-page menu-item-269\"><a href=\"https:\/\/eco4it.be\/index.php\/a-propos-de\/\" class=\"elementor-item\" tabindex=\"-1\">A propos de &#8230;<\/a><\/li>\n<\/ul>\t\t\t<\/nav>\n\t\t\t\t<\/div>\n\t\t\t\t<\/div>\n\t\t\t\t\t<\/div>\n\t\t<\/div>\n\t\t\t\t\t\t\t<\/div>\n\t\t<\/section>\n\t\t\t\t<section class=\"elementor-section elementor-top-section elementor-element elementor-element-68eafc7 elementor-section-boxed elementor-section-height-default elementor-section-height-default\" data-id=\"68eafc7\" data-element_type=\"section\">\n\t\t\t\t\t\t<div class=\"elementor-container elementor-column-gap-default\">\n\t\t\t\t\t<div class=\"elementor-column elementor-col-100 elementor-top-column elementor-element elementor-element-491a698\" data-id=\"491a698\" data-element_type=\"column\">\n\t\t\t<div class=\"elementor-widget-wrap elementor-element-populated\">\n\t\t\t\t\t\t\t\t<div class=\"elementor-element elementor-element-52b0d8e elementor-widget elementor-widget-spacer\" data-id=\"52b0d8e\" data-element_type=\"widget\" data-widget_type=\"spacer.default\">\n\t\t\t\t<div class=\"elementor-widget-container\">\n\t\t\t\t\t<div class=\"elementor-spacer\">\n\t\t\t<div class=\"elementor-spacer-inner\"><\/div>\n\t\t<\/div>\n\t\t\t\t<\/div>\n\t\t\t\t<\/div>\n\t\t\t\t\t<\/div>\n\t\t<\/div>\n\t\t\t\t\t\t\t<\/div>\n\t\t<\/section>\n\t\t\t\t<section class=\"elementor-section elementor-top-section elementor-element elementor-element-2c5e21e elementor-section-boxed elementor-section-height-default elementor-section-height-default\" data-id=\"2c5e21e\" data-element_type=\"section\">\n\t\t\t\t\t\t<div class=\"elementor-container elementor-column-gap-default\">\n\t\t\t\t\t<div class=\"elementor-column elementor-col-100 elementor-top-column elementor-element elementor-element-1626d52\" data-id=\"1626d52\" data-element_type=\"column\">\n\t\t\t<div class=\"elementor-widget-wrap elementor-element-populated\">\n\t\t\t\t\t\t\t\t<div class=\"elementor-element elementor-element-543cb33 elementor-view-default elementor-widget elementor-widget-icon\" data-id=\"543cb33\" data-element_type=\"widget\" data-widget_type=\"icon.default\">\n\t\t\t\t<div class=\"elementor-widget-container\">\n\t\t\t\t\t<div class=\"elementor-icon-wrapper\">\n\t\t\t<div class=\"elementor-icon\">\n\t\t\t<i aria-hidden=\"true\" class=\"far fa-hand-spock\"><\/i>\t\t\t<\/div>\n\t\t<\/div>\n\t\t\t\t<\/div>\n\t\t\t\t<\/div>\n\t\t\t\t<div class=\"elementor-element elementor-element-b70f1d1 elementor-widget elementor-widget-heading\" data-id=\"b70f1d1\" data-element_type=\"widget\" data-widget_type=\"heading.default\">\n\t\t\t\t<div class=\"elementor-widget-container\">\n\t\t\t<h2 class=\"elementor-heading-title elementor-size-default\">Pr\u00e9sentation<\/h2>\t\t<\/div>\n\t\t\t\t<\/div>\n\t\t\t\t\t<\/div>\n\t\t<\/div>\n\t\t\t\t\t\t\t<\/div>\n\t\t<\/section>\n\t\t\t\t<section class=\"elementor-section elementor-top-section elementor-element elementor-element-39139bb elementor-section-boxed elementor-section-height-default elementor-section-height-default\" data-id=\"39139bb\" data-element_type=\"section\">\n\t\t\t\t\t\t<div class=\"elementor-container elementor-column-gap-default\">\n\t\t\t\t\t<div class=\"elementor-column elementor-col-100 elementor-top-column elementor-element elementor-element-6a7793c\" data-id=\"6a7793c\" data-element_type=\"column\">\n\t\t\t<div class=\"elementor-widget-wrap elementor-element-populated\">\n\t\t\t\t\t\t\t\t<div class=\"elementor-element elementor-element-ca819b3 elementor-widget elementor-widget-spacer\" data-id=\"ca819b3\" data-element_type=\"widget\" data-widget_type=\"spacer.default\">\n\t\t\t\t<div class=\"elementor-widget-container\">\n\t\t\t\t\t<div class=\"elementor-spacer\">\n\t\t\t<div class=\"elementor-spacer-inner\"><\/div>\n\t\t<\/div>\n\t\t\t\t<\/div>\n\t\t\t\t<\/div>\n\t\t\t\t\t<\/div>\n\t\t<\/div>\n\t\t\t\t\t\t\t<\/div>\n\t\t<\/section>\n\t\t\t\t<section class=\"elementor-section elementor-top-section elementor-element elementor-element-6a454b9 elementor-section-boxed elementor-section-height-default elementor-section-height-default\" data-id=\"6a454b9\" data-element_type=\"section\">\n\t\t\t\t\t\t<div class=\"elementor-container elementor-column-gap-default\">\n\t\t\t\t\t<div class=\"elementor-column elementor-col-100 elementor-top-column elementor-element elementor-element-f4cc3a5\" data-id=\"f4cc3a5\" data-element_type=\"column\">\n\t\t\t<div class=\"elementor-widget-wrap elementor-element-populated\">\n\t\t\t\t\t\t\t\t<div class=\"elementor-element elementor-element-522ce74 elementor-widget elementor-widget-text-editor\" data-id=\"522ce74\" data-element_type=\"widget\" data-widget_type=\"text-editor.default\">\n\t\t\t\t<div class=\"elementor-widget-container\">\n\t\t\t\t\t\t\t<p style=\"text-align: center;\">-2020-<\/p><p style=\"text-align: left;\">L&rsquo;\u00e9volution suis son cours. Le bouche \u00e0 oreille fonctionne tr\u00e8s bien. Et les clients sont satisfait des services propos\u00e9s.<\/p><p style=\"text-align: center;\">-2017-<\/p><p style=\"text-align: left;\">Le temps est venu de consacrer uniquement mon temps professionnel \u00e0 satisfaire la demande de mes clients.<\/p><p style=\"text-align: left;\">Les services propos\u00e9s par Eco4iT s&rsquo;\u00e9largissent.\u00a0<\/p><p style=\"text-align: left;\">Nous proposons dor\u00e9navant, la maintenance compl\u00e8te de votre r\u00e9seau d&rsquo;entreprise ou familial.\u00a0<\/p><p style=\"text-align: left;\">Une meilleurs gestion des urgences.<\/p><p style=\"text-align: center;\">-2013-<\/p><p>Fort d\u2019une exp\u00e9rience de plus de 15 ans dans l\u2019informatique.<\/p><p>Une initiative \u00e9cologique cinacienne\u00a0 est cr\u00e9\u00e9e en 2013.<\/p><p>Eco4IT (\u00ab\u00a0Ecologie pour l&rsquo;informatique\u00a0\u00bb) est le r\u00e9sultat d\u2019un constat alarmant sur le trop grand nombre de PC jet\u00e9s pour souvent une pi\u00e8ce qui ne fonctionne plus.<\/p><p>Ses objectifs sont multiples.<\/p><p>R\u00e9parer tous probl\u00e8mes informatiques.<br \/>Recycler les pi\u00e8ces informatiques. Contactez-nous avant de jeter.<br \/>Proposer des composants internes aux PC&rsquo;s portables \u00e0 des prix attractifs.<\/p><p>Tous types de r\u00e9parations informatiques :<\/p><p><span style=\"color: var( --e-global-color-text ); font-family: var( --e-global-typography-text-font-family ); font-weight: var( --e-global-typography-text-font-weight );\">&#8211; virus,<\/span><\/p><p><span style=\"color: var( --e-global-color-text ); font-family: var( --e-global-typography-text-font-family ); font-weight: var( --e-global-typography-text-font-weight );\">&#8211; changement de pi\u00e8ce d\u00e9fectueuse,<\/span><\/p><p><span style=\"color: var( --e-global-color-text ); font-family: var( --e-global-typography-text-font-family ); font-weight: var( --e-global-typography-text-font-weight );\">&#8211; r\u00e9installation de syst\u00e8me d\u2019exploitation(Windows, Ubuntu,&#8230;),<\/span><\/p><p><span style=\"color: var( --e-global-color-text ); font-family: var( --e-global-typography-text-font-family ); font-weight: var( --e-global-typography-text-font-weight );\">&#8211; r\u00e9cup\u00e9rations de donn\u00e9es,<\/span><\/p><p><span style=\"color: var( --e-global-color-text ); font-family: var( --e-global-typography-text-font-family ); font-weight: var( --e-global-typography-text-font-weight );\">&#8211; etc.<\/span><\/p>\t\t\t\t\t\t<\/div>\n\t\t\t\t<\/div>\n\t\t\t\t\t<\/div>\n\t\t<\/div>\n\t\t\t\t\t\t\t<\/div>\n\t\t<\/section>\n\t\t\t\t<section class=\"elementor-section elementor-top-section elementor-element elementor-element-52e9079 elementor-section-boxed elementor-section-height-default elementor-section-height-default\" data-id=\"52e9079\" data-element_type=\"section\">\n\t\t\t\t\t\t<div class=\"elementor-container elementor-column-gap-default\">\n\t\t\t\t\t<div class=\"elementor-column elementor-col-100 elementor-top-column elementor-element elementor-element-a364860\" data-id=\"a364860\" data-element_type=\"column\">\n\t\t\t<div class=\"elementor-widget-wrap\">\n\t\t\t\t\t\t\t\t\t<\/div>\n\t\t<\/div>\n\t\t\t\t\t\t\t<\/div>\n\t\t<\/section>\n\t\t\t\t\t\t\t<\/div>\n\t\t","protected":false},"excerpt":{"rendered":"<p>Votre Partenaire Informatique bas\u00e9 \u00e0 Ciney Pr\u00e9sentation -2020- L&rsquo;\u00e9volution suis son cours. Le bouche \u00e0 oreille fonctionne tr\u00e8s bien. Et les clients sont satisfait des services propos\u00e9s. -2017- Le temps est venu de consacrer uniquement mon temps professionnel \u00e0 satisfaire la demande de mes clients. Les services propos\u00e9s par Eco4iT s&rsquo;\u00e9largissent.\u00a0 Nous proposons dor\u00e9navant, la [&hellip;]<\/p>\n","protected":false},"author":1,"featured_media":0,"parent":0,"menu_order":0,"comment_status":"closed","ping_status":"closed","template":"","meta":[],"_links":{"self":[{"href":"https:\/\/eco4it.be\/index.php\/wp-json\/wp\/v2\/pages\/267"}],"collection":[{"href":"https:\/\/eco4it.be\/index.php\/wp-json\/wp\/v2\/pages"}],"about":[{"href":"https:\/\/eco4it.be\/index.php\/wp-json\/wp\/v2\/types\/page"}],"author":[{"embeddable":true,"href":"https:\/\/eco4it.be\/index.php\/wp-json\/wp\/v2\/users\/1"}],"replies":[{"embeddable":true,"href":"https:\/\/eco4it.be\/index.php\/wp-json\/wp\/v2\/comments?post=267"}],"version-history":[{"count":6,"href":"https:\/\/eco4it.be\/index.php\/wp-json\/wp\/v2\/pages\/267\/revisions"}],"predecessor-version":[{"id":543,"href":"https:\/\/eco4it.be\/index.php\/wp-json\/wp\/v2\/pages\/267\/revisions\/543"}],"wp:attachment":[{"href":"https:\/\/eco4it.be\/index.php\/wp-json\/wp\/v2\/media?parent=267"}],"curies":[{"name":"wp","href":"https:\/\/api.w.org\/{rel}","templated":true}]}}